{"id":12,"date":"2015-02-20T19:02:55","date_gmt":"2015-02-20T19:02:55","guid":{"rendered":"http:\/\/ltp.knihovna.cz\/?page_id=12"},"modified":"2015-02-20T19:02:55","modified_gmt":"2015-02-20T19:02:55","slug":"webinare","status":"publish","type":"page","link":"https:\/\/ltp.knihovna.cz\/?page_id=12","title":{"rendered":"Webin\u00e1\u0159e"},"content":{"rendered":"<h4>Webin\u00e1\u0159 \u201cKomunitn\u00ed knihovna v digit\u00e1ln\u00edm sv\u011bt\u011b\u201d<\/h4>\n<p>Dne <strong>4. 6. 2015 <\/strong> se uskute\u010dnil webin\u00e1\u0159 \u201cKomunitn\u00ed knihovna v digit\u00e1ln\u00edm sv\u011bt\u011b\u201d, sna\u017eil se zodpov\u011bd\u011bt dotaz: <strong>Jak\u00e1 je role knihoven v historick\u00e9 pam\u011bti lid\u00ed a m\u011bst v dne\u0161n\u00ed dob\u011b? <\/strong>D\u00edky digitalizaci je mo\u017en\u00e9 schra\u0148ovat a zp\u0159\u00edstup\u0148ovat jedine\u010dn\u00e9 materi\u00e1ly od ob\u010dan\u016f (pohlednice, fotky, dopisy) a tak sb\u00edrat st\u0159\u00edpky historie jednotliv\u00fdch komunit. Sv\u016fj projekt Memoria Poli\u010dka p\u0159edstavil <strong>Jan Jukl z M\u011bstsk\u00e9 knihovny v Poli\u010dce<\/strong>, o metadatech promluvila <strong>Lenka Damborsk\u00e1 z MZK<\/strong> v Brn\u011b a o digitalizaci a dlouhodob\u00e9 ochran\u011b digit\u00e1ln\u00edch dat doplnil p\u0159edn\u00e1\u0161ku <strong>Zden\u011bk Hru\u0161ka<\/strong>.<br \/>\n<a href=\"http:\/\/ltp.knihovna.cz\/wp-content\/uploads\/2015\/06\/Pozv\u00e1nka-na-webin\u00e1\u0159-1-1.png\" alt=\"Pozv\u00e1nka na webin\u00e1\u0159\" target=\"_blank\" rel=\"noopener noreferrer\"><h7><strong>Pozv\u00e1nka na webin\u00e1\u0159<\/strong><\/h7><\/a><br \/>\n<center><iframe loading=\"lazy\" width=\"320\" height=\"180\" src=\"https:\/\/www.youtube.com\/embed\/4HhShVcpeCk\" frameborder=\"0\" allowfullscreen><\/iframe><\/center><br \/>\n&nbsp;<\/p>\n<h4>Webin\u00e1\u0159 \u201cDigitalizace dokument\u016f a LTP\u201d<\/h4>\n<p>Dne <strong>13. 5. 2015<\/strong> jsme uspo\u0159\u00e1dali webin\u00e1\u0159 pro studenty p\u0159edm\u011btu Digit\u00e1ln\u00ed knihovny Kabinetu informa\u010dn\u00edch studi\u00ed a knihovnictv\u00ed (KISK) na FF MU Brno. T\u00e9mou bylo digitalizace dokument\u016f a dlouhodob\u00e1 ochrana digit\u00e1ln\u00edch dat.<br \/>\n<center><iframe loading=\"lazy\" width=\"320\" height=\"180\" src=\"https:\/\/www.youtube.com\/embed\/6yWK_Or6tIY\" frameborder=\"0\" allowfullscreen><\/iframe><\/center><\/p>\n<p>&nbsp;<br \/>\n&nbsp;<\/p>\n","protected":false},"excerpt":{"rendered":"<p>Webin\u00e1\u0159 \u201cKomunitn\u00ed knihovna v digit\u00e1ln\u00edm sv\u011bt\u011b\u201d Dne 4. 6. 2015 se uskute\u010dnil webin\u00e1\u0159 \u201cKomunitn\u00ed knihovna v digit\u00e1ln\u00edm sv\u011bt\u011b\u201d, sna\u017eil se zodpov\u011bd\u011bt dotaz: Jak\u00e1 je role knihoven v historick\u00e9 pam\u011bti lid\u00ed a m\u011bst v dne\u0161n\u00ed dob\u011b? D\u00edky digitalizaci je mo\u017en\u00e9 schra\u0148ovat a zp\u0159\u00edstup\u0148ovat jedine\u010dn\u00e9 materi\u00e1ly od ob\u010dan\u016f (pohlednice, fotky, dopisy) a tak sb\u00edrat st\u0159\u00edpky historie jednotliv\u00fdch &hellip; <a href=\"https:\/\/ltp.knihovna.cz\/?page_id=12\" class=\"more-link\">Pokra\u010dov\u00e1n\u00ed textu <span class=\"screen-reader-text\">Webin\u00e1\u0159e<\/span> <span class=\"meta-nav\">&rarr;<\/span><\/a><\/p>\n","protected":false},"author":2,"featured_media":0,"parent":0,"menu_order":0,"comment_status":"closed","ping_status":"closed","template":"","meta":[],"_links":{"self":[{"href":"https:\/\/ltp.knihovna.cz\/index.php?rest_route=\/wp\/v2\/pages\/12"}],"collection":[{"href":"https:\/\/ltp.knihovna.cz\/index.php?rest_route=\/wp\/v2\/pages"}],"about":[{"href":"https:\/\/ltp.knihovna.cz\/index.php?rest_route=\/wp\/v2\/types\/page"}],"author":[{"embeddable":true,"href":"https:\/\/ltp.knihovna.cz\/index.php?rest_route=\/wp\/v2\/users\/2"}],"replies":[{"embeddable":true,"href":"https:\/\/ltp.knihovna.cz\/index.php?rest_route=%2Fwp%2Fv2%2Fcomments&post=12"}],"version-history":[{"count":0,"href":"https:\/\/ltp.knihovna.cz\/index.php?rest_route=\/wp\/v2\/pages\/12\/revisions"}],"wp:attachment":[{"href":"https:\/\/ltp.knihovna.cz\/index.php?rest_route=%2Fwp%2Fv2%2Fmedia&parent=12"}],"curies":[{"name":"wp","href":"https:\/\/api.w.org\/{rel}","templated":true}]}}