{"id":41,"date":"2015-02-21T16:49:47","date_gmt":"2015-02-21T16:49:47","guid":{"rendered":"http:\/\/ltp.knihovna.cz\/?page_id=41"},"modified":"2015-02-21T16:49:47","modified_gmt":"2015-02-21T16:49:47","slug":"kontakt","status":"publish","type":"page","link":"https:\/\/ltp.knihovna.cz\/?page_id=41","title":{"rendered":"Kontakt"},"content":{"rendered":"<p>Pokud m\u00e1te n\u011bjak\u00e9 post\u0159ehy, n\u00e1pady nebo t\u00e9mata, o kter\u00fdch byste se cht\u011bli dozv\u011bd\u011bt v\u00edce, m\u016f\u017eete vyu\u017e\u00edt kontaktn\u00ed formul\u00e1\u0159 n\u00ed\u017ee nebo n\u00e1m p\u0159\u00edmo napsat na adresu <a href=\"mailto:ltp.knihovna@gmail.com\"><strong>ltp.knihovna@gmail.com<\/strong><\/a>.<\/p>\n<p>Kabinet informa\u010dn\u00edch studi\u00ed a knihovnictv\u00ed<br \/>\nFilozofick\u00e1 fakulta Masarykovy univerzity<br \/>\nArne Nov\u00e1ka 1<br \/>\n602 00 Brno<\/p>\n[contact-form-7 404 \"Nenalezeno\"]\n<p><\/p>\n<h5>V\u00e1\u0161 LTP t\u00fdm<\/h5>\n<p>Zden\u011bk Hru\u0161ka<br \/>\nJan Hrabal<br \/>\nAndrea Vojdanov\u00e1<br \/>\nMichaela Bla\u017eejov\u00e1<br \/>\nDominika Fr\u00f6melov\u00e1<br \/>\n<\/p>\n<h3>O Projektu<\/h3>\n<p>Projekt LTP vznikl v r\u00e1mci Aplika\u010dn\u00edho semin\u00e1\u0159e vypisovan\u00e9ho ka\u017ed\u00fd rok pro studenty \u010dtvrt\u00e9ho ro\u010dn\u00edku informa\u010dn\u00edch studi\u00ed a knihovnictv\u00ed v z\u00e1\u0159\u00ed roku 2014. Pod veden\u00edm mentorky PhDr. Pavly Kov\u00e1\u0159ov\u00e9 se skupina student\u016f rozhodla v\u011bnovat dlouhodob\u00e9 ochran\u011b digit\u00e1ln\u00edch dat, proto\u017ee se domn\u00edv\u00e1, \u017ee je to d\u016fle\u017eit\u00e9 a aktu\u00e1ln\u00ed t\u00e9ma v oblasti knihovnictv\u00ed.<\/p>\n<p>Cesta vedla p\u0159es dlouh\u00e9 hodiny \u00favah, n\u00e1vrh\u016f, spoustu brainstormingu a hlavn\u011b p\u0159es rozhovory s vybran\u00fdmi knihovn\u00edky, kter\u00e9 by mohla dlouhodob\u00e1 ochrana zaj\u00edmat. Podle toho se tak\u00e9 m\u011bnil p\u016fvodn\u00ed z\u00e1m\u011br, proto\u017ee c\u00edlov\u00e1 skupina je z glob\u00e1ln\u00edho hlediska velmi mal\u00e1, rozhodli jsme se do projektu zapojit tak\u00e9 akademick\u00e9 knihovny.<br \/>\nNav\u00e1zali jsme spolupr\u00e1ci s Moravskou zemskou knihovnou, kter\u00e1 se LTP zab\u00fdv\u00e1 ji\u017e del\u0161\u00ed dobu a v\u0161ichni osloven\u00ed knihovn\u00edci ji ozna\u010dili jako autoritu v oblasti digitalizace a dlouhodob\u00e9 ochrany dat.<\/p>\n<p>A na\u0161e \u0159e\u0161en\u00ed probl\u00e9mu dlouhodob\u00e9 ochrany, tedy sp\u00ed\u0161e cesta k postupn\u00e9mu \u0159e\u0161en\u00ed, je moment\u00e1ln\u011b celkem jasn\u00e1. Prvn\u00edm po\u010dinem je zalo\u017een\u00ed webu na <a href=\"http:\/\/www.knihovna.cz\" title=\"http:\/\/www.knihovna.cz\" target=\"_blank\" rel=\"noopener noreferrer\">knihovna.cz<\/a>. Na str\u00e1nk\u00e1ch budeme pravideln\u011b zve\u0159ej\u0148ovat novinky z oblasti LTP.<\/p>\n<p>D\u00e1le bude n\u00e1sledovat workshop, kter\u00fd prim\u00e1rn\u011b po\u0159\u00e1d\u00e1 Moravsk\u00e1 zemsk\u00e1 knihovna, v r\u00e1mci kter\u00e9ho by m\u011bl b\u00fdt n\u00e1\u0161 projekt p\u0159edstaven. Mimo tuto aktivitu budeme pravideln\u011b zas\u00edlat newsletter z oblasti okolo LTP, kter\u00fd by m\u011bl v\u017edy zahrnovat novinky a \u010dl\u00e1nky a tak\u00e9 vlastn\u00ed seri\u00e1l ur\u010den\u00fd pro za\u010d\u00e1te\u010dn\u00edky ve sv\u011bt\u011b LTP. Mimo to pl\u00e1nujeme tak\u00e9 uspo\u0159\u00e1d\u00e1n\u00ed n\u011bkolika webin\u00e1\u0159\u016f.<br \/>\n<br \/>\nKrom\u011b v\u00fd\u0161e uveden\u00fdch str\u00e1nek V\u00e1s tak\u00e9 r\u00e1di p\u0159iv\u00edt\u00e1me na Twitteru a Facebooku.<br \/>\nV\u011b\u0159\u00edme, \u017ee V\u00e1s n\u00e1\u0161 projekt zaujme a budete n\u00e1s pravideln\u011b sledovat. <\/p>\n","protected":false},"excerpt":{"rendered":"<p>Pokud m\u00e1te n\u011bjak\u00e9 post\u0159ehy, n\u00e1pady nebo t\u00e9mata, o kter\u00fdch byste se cht\u011bli dozv\u011bd\u011bt v\u00edce, m\u016f\u017eete vyu\u017e\u00edt kontaktn\u00ed formul\u00e1\u0159 n\u00ed\u017ee nebo n\u00e1m p\u0159\u00edmo napsat na adresu ltp.knihovna@gmail.com. Kabinet informa\u010dn\u00edch studi\u00ed a knihovnictv\u00ed Filozofick\u00e1 fakulta Masarykovy univerzity Arne Nov\u00e1ka 1 602 00 Brno V\u00e1\u0161 LTP t\u00fdm Zden\u011bk Hru\u0161ka Jan Hrabal Andrea Vojdanov\u00e1 Michaela Bla\u017eejov\u00e1 Dominika Fr\u00f6melov\u00e1 O &hellip; <a href=\"https:\/\/ltp.knihovna.cz\/?page_id=41\" class=\"more-link\">Pokra\u010dov\u00e1n\u00ed textu <span class=\"screen-reader-text\">Kontakt<\/span> <span class=\"meta-nav\">&rarr;<\/span><\/a><\/p>\n","protected":false},"author":2,"featured_media":0,"parent":0,"menu_order":0,"comment_status":"closed","ping_status":"closed","template":"","meta":[],"_links":{"self":[{"href":"https:\/\/ltp.knihovna.cz\/index.php?rest_route=\/wp\/v2\/pages\/41"}],"collection":[{"href":"https:\/\/ltp.knihovna.cz\/index.php?rest_route=\/wp\/v2\/pages"}],"about":[{"href":"https:\/\/ltp.knihovna.cz\/index.php?rest_route=\/wp\/v2\/types\/page"}],"author":[{"embeddable":true,"href":"https:\/\/ltp.knihovna.cz\/index.php?rest_route=\/wp\/v2\/users\/2"}],"replies":[{"embeddable":true,"href":"https:\/\/ltp.knihovna.cz\/index.php?rest_route=%2Fwp%2Fv2%2Fcomments&post=41"}],"version-history":[{"count":0,"href":"https:\/\/ltp.knihovna.cz\/index.php?rest_route=\/wp\/v2\/pages\/41\/revisions"}],"wp:attachment":[{"href":"https:\/\/ltp.knihovna.cz\/index.php?rest_route=%2Fwp%2Fv2%2Fmedia&parent=41"}],"curies":[{"name":"wp","href":"https:\/\/api.w.org\/{rel}","templated":true}]}}