{"id":49,"date":"2015-02-21T17:49:53","date_gmt":"2015-02-21T17:49:53","guid":{"rendered":"http:\/\/ltp.knihovna.cz\/?page_id=49"},"modified":"2015-02-21T17:49:53","modified_gmt":"2015-02-21T17:49:53","slug":"uzitecne-odkazy","status":"publish","type":"page","link":"https:\/\/ltp.knihovna.cz\/?page_id=49","title":{"rendered":"U\u017eite\u010dn\u00e9 odkazy"},"content":{"rendered":"<p><a href=\"http:\/\/www.digitalpreservation.cz\" title=\"Digital_preservation\" target=\"_blank\" rel=\"noopener noreferrer\"><strong>\u010cesk\u00fd blog o Digital Preservation<\/strong><\/a> &#8211; Web p\u0159edn\u00edch \u010desk\u00fdch LTP odborn\u00edk\u016f a nad\u0161enc\u016f. Novinky, post\u0159ehy, blog &#8211; prakticky nezbytnost pro v\u0161echny, kte\u0159\u00ed se zaj\u00edmaj\u00ed o LTP. <\/p>\n<p><a href=\"http:\/\/dsa.cuni.cz\/\" title=\"Web_Karlovy_univerzity\" target=\"_blank\" rel=\"noopener noreferrer\"><strong>Data Seal of Approval<\/strong><\/a> &#8211; Web Karlovy univerzity o certifikaci digit\u00e1ln\u00edch repozit\u00e1\u0159\u016f a tak\u00e9 zde najdete \u010desk\u00fd p\u0159eklad Data Seal of Approval.<\/p>\n<p><a href=\"http:\/\/www.digitalpreservation.gov\/\" title=\"Stranka_LOC\" target=\"_blank\" rel=\"noopener noreferrer\"><strong>Digital Preservation LOC<\/strong><\/a> &#8211; Str\u00e1nky o digital preservation z produkce Library of Congress<\/p>\n<p><a href=\"http:\/\/www.scape-project.eu\/\" title=\"Scape_project\" target=\"_blank\" rel=\"noopener noreferrer\"><strong>Scalable Preservation Environments<\/strong><\/a> &#8211; SCAPE projekt sice u\u017e skon\u010dil, ale zanechal po sob\u011b spoustu zaj\u00edmav\u00fdch materi\u00e1l\u016f.<\/p>\n<p><a href=\"http:\/\/openpreservation.org\/\" title=\"Open_preservation\" target=\"_blank\" rel=\"noopener noreferrer\"><strong>Open Preservation Foundation<\/strong><\/a> &#8211; Obsahov\u011b bohat\u00fd port\u00e1l (najdete zde projekty, n\u00e1stroje, sekci ot\u00e1zky a odpov\u011bdi a dal\u0161\u00ed), kter\u00fd by v\u00e1m nem\u011bl uniknout.<\/p>\n<p><a href=\"http:\/\/www.nationalarchives.gov.uk\/information-management\/manage-information\/preserving-digital-records\/\" title=\"http:\/\/www.nationalarchives.gov.uk\/information-management\/manage-information\/preserving-digital-records\/\" target=\"_blank\" rel=\"noopener noreferrer\"><strong>National Archives UK<\/strong><\/a> &#8211; LTP v pod\u00e1n\u00ed N\u00e1rodn\u00edho archivu Velk\u00e9 Brit\u00e1nie. <\/p>\n<p><a href=\"http:\/\/scholar.harvard.edu\/jcs\/digital-preservation-links\" title=\"http:\/\/scholar.harvard.edu\/jcs\/digital-preservation-links\" target=\"_blank\" rel=\"noopener noreferrer\"><strong>Digital Preservation Links<\/strong><\/a> &#8211; Zde naleznete rozcestn\u00edk s opravdu velk\u00fdm mno\u017estv\u00edm odkaz\u016f na weby, projekty a zdroje o LTP.<strong><\/p>\n<h4>N\u00c1STROJE<\/h4>\n<p><\/strong><\/p>\n<p><a href=\"http:\/\/www.repositoryaudit.eu\/\" title=\"http:\/\/www.repositoryaudit.eu\/\" target=\"_blank\" rel=\"noopener noreferrer\"><strong>DRAMBORA<\/strong><\/a> &#8211; Jedn\u00e1 se o n\u00e1stroj na identifikaci, hodnocen\u00ed a management rizik, kter\u00e9 v r\u016fzn\u00e9 m\u00ed\u0159e ohro\u017euj\u00ed digit\u00e1ln\u00ed repozit\u00e1\u0159. V \u010cR v minulosti prob\u011bhlo n\u011bkolik audit\u016f pomoc\u00ed DRAMBORY, tak\u017ee je mo\u017en\u00e9 z t\u011bchto zku\u0161enost\u00ed \u010derpat a pou\u010dit se.<\/p>\n<p><a href=\"http:\/\/www.nationalarchives.gov.uk\/information-management\/manage-information\/preserving-digital-records\/droid\/\" title=\"http:\/\/www.nationalarchives.gov.uk\/information-management\/manage-information\/preserving-digital-records\/droid\/\" target=\"_blank\" rel=\"noopener noreferrer\"><strong>DROID<\/strong><\/a> &#8211; Identifika\u010dn\u00ed n\u00e1stroj, kter\u00fd je propojen s registrem form\u00e1t\u016f PRONOM. Open source software vyu\u017e\u00edvaj\u00edc\u00ed k identifikaci &#8222;signatures&#8220;, kter\u00e9 jsou ulo\u017eeny v xml souboru a mohou b\u00fdt dopln\u011bny do\/z PRONOMu.<\/p>\n<p><a href=\"http:\/\/openpreservation.org\/technology\/products\/fido\/\" title=\"http:\/\/openpreservation.org\/technology\/products\/fido\/\" target=\"_blank\" rel=\"noopener noreferrer\"><strong>FIDO<\/strong><\/a> &#8211; Dal\u0161\u00ed z open source n\u00e1stroj\u016f, alternativa k DROIDu, tak\u00e9 spolupracuje s registrem PRONOM. Je vytvo\u0159en pro snadnou integraci do automatizovan\u00e9ho work-flow.<\/p>\n<p><a href=\"http:\/\/www.itforarchivists.com\/siegfried\" title=\"http:\/\/www.itforarchivists.com\/siegfried\" target=\"_blank\" rel=\"noopener noreferrer\"><strong>SIEGFRIED<\/strong><\/a> &#8211; nov\u00fd n\u00e1stroj pro identifikaci form\u00e1t\u016f, kter\u00fd by m\u011bl oproti DROIDu a FIDO nab\u00edzet vy\u0161\u0161\u00ed rychlost i spolehlivost.<\/p>\n<p><a href=\"http:\/\/jhove.sourceforge.net\/\" title=\"http:\/\/jhove.sourceforge.net\/\" target=\"_blank\" rel=\"noopener noreferrer\"><strong>JHOVE<\/strong><\/a> &#8211; Jedn\u00e1 se o software na identifikaci, validaci a charakterizaci form\u00e1t\u016f ve form\u011b Java API, kter\u00fd spole\u010dn\u011b vyvinul JSTOR a Harvard University Library (odtud tak\u00e9 n\u00e1zev &#8211; JSTOR\/Harvard Object Validation Environment). D\u00e1 se zakomponovat do r\u016fzn\u00fdch syst\u00e9m\u016f a slou\u017e\u00ed tak nez\u00e1visle na prost\u0159ed\u00ed (podm\u00ednkou je pouze nainstalovan\u00e1 Java 1.4), nav\u00edc je dostupn\u00fd jako open source.<\/p>\n<p><a href=\"https:\/\/bitbucket.org\/jhove2\/main\/wiki\/Home\" title=\"https:\/\/bitbucket.org\/jhove2\/main\/wiki\/Home\" target=\"_blank\" rel=\"noopener noreferrer\"><strong>JHOVE2<\/strong><\/a> &#8211; n\u00e1stupce n\u00e1stroje JHOVE, nyn\u00ed ve verzi 2.1.<strong><\/p>\n<h4>FORM\u00c1TOV\u00c9 REGISTRY<\/h4>\n<p><\/strong><\/p>\n<li><a href=\"http:\/\/udfr.org\/ontowiki\/\" title=\"http:\/\/udfr.org\/ontowiki\/\" target=\"_blank\" rel=\"noopener noreferrer\"><strong>UDFR<\/strong><\/a><\/li>\n<li><a href=\"http:\/\/www.nationalarchives.gov.uk\/aboutapps\/PRONOM\/default.htm\" title=\"http:\/\/www.nationalarchives.gov.uk\/aboutapps\/PRONOM\/default.htm\" target=\"_blank\" rel=\"noopener noreferrer\"><strong>PRONOM<\/strong><\/a><\/li>\n<h4>SEZNAMY N\u00c1STROJ\u016e<\/h4>\n<li><a href=\"http:\/\/coptr.digipres.org\/Main_Page\" title=\"http:\/\/coptr.digipres.org\/Main_Page\" target=\"_blank\" rel=\"noopener noreferrer\"><strong>COPTR<\/strong><\/a><\/li>\n<li><a href=\"http:\/\/digitalpowrr.niu.edu\/tool-grid\/\" title=\"http:\/\/digitalpowrr.niu.edu\/tool-grid\/\" target=\"_blank\" rel=\"noopener noreferrer\"><strong>POWRR<\/strong><\/a><\/li>\n<li><a href=\"http:\/\/www.fileformat.info\/\" title=\"http:\/\/www.fileformat.info\/\" target=\"_blank\" rel=\"noopener noreferrer\"><strong>FileFormat.Info<\/strong><\/a><\/li>\n<li><a href=\"http:\/\/fileformats.archiveteam.org\/wiki\/Sources\" title=\"http:\/\/fileformats.archiveteam.org\/wiki\/Sources\" target=\"_blank\" rel=\"noopener noreferrer\"><strong>FileFormats &#8211; Archiveteam<\/strong><\/a><\/li>\n<h4>LITERATURA<\/h4>\n<p>CUBR, Ladislav. <em>Dlouhodob\u00e1 ochrana digit\u00e1ln\u00edch dokument\u016f<\/em>. 1. vyd. Praha: N\u00e1rodn\u00ed knihovna \u010cesk\u00e9 republiky, 2010. 154 s. ISBN 978-80-7050-588-5.<\/p>\n<p>ROSENTHAL, Colin a kol. <em>Pr\u016fvodce pl\u00e1nem d\u016fv\u011bryhodn\u00e9ho digit\u00e1ln\u00edho repozit\u00e1\u0159e (PLATTER)<\/em>. 1. vyd. Praha: N\u00e1rodn\u00ed knihovna \u010cesk\u00e9 republiky, 2009. 51 s. ISBN 978-80-7050-569-4.<br \/>\nOnline dostupn\u00e9 zde: <a href=\"http:\/\/www.ndk.cz\/platter-cz\" title=\"http:\/\/www.ndk.cz\/platter-cz\" target=\"_blank\" rel=\"noopener noreferrer\">http:\/\/www.ndk.cz\/platter-cz<\/a>. <\/p>\n<h4>NEWSLETTERY<\/h4>\n<p><a href=\"http:\/\/ltp.knihovna.cz\/Newsletter\/NL.html\" title=\"http:\/\/ltp.knihovna.cz\/Newsletter\/NL.html\" target=\"_blank\" rel=\"noopener noreferrer\"><strong>Newsletter b\u0159ezen<\/strong><\/a><\/p>\n<p><a href=\"http:\/\/ltp.knihovna.cz\/Newsletter\/NL_duben.html\" title=\"http:\/\/ltp.knihovna.cz\/Newsletter\/NL_duben.html\" target=\"_blank\" rel=\"noopener noreferrer\"><strong>Newsletter duben<\/strong><\/a><\/p>\n<p><a href=\"http:\/\/ltp.knihovna.cz\/Newsletter\/NL_kveten.html\" title=\"http:\/\/ltp.knihovna.cz\/Newsletter\/NL_kveten.html\" target=\"_blank\" rel=\"noopener noreferrer\"><strong>Newsletter kv\u011bten<\/strong><\/a><\/p>\n<p><a href=\"http:\/\/ltp.knihovna.cz\/Newsletter\/NL_cerven.html\" title=\"http:\/\/ltp.knihovna.cz\/Newsletter\/NL_cerven.html\" target=\"_blank\" rel=\"noopener noreferrer\"><strong>Newsletter \u010derven<\/strong><\/a><\/p>\n","protected":false},"excerpt":{"rendered":"<p>\u010cesk\u00fd blog o Digital Preservation &#8211; Web p\u0159edn\u00edch \u010desk\u00fdch LTP odborn\u00edk\u016f a nad\u0161enc\u016f. Novinky, post\u0159ehy, blog &#8211; prakticky nezbytnost pro v\u0161echny, kte\u0159\u00ed se zaj\u00edmaj\u00ed o LTP. Data Seal of Approval &#8211; Web Karlovy univerzity o certifikaci digit\u00e1ln\u00edch repozit\u00e1\u0159\u016f a tak\u00e9 zde najdete \u010desk\u00fd p\u0159eklad Data Seal of Approval. Digital Preservation LOC &#8211; Str\u00e1nky o digital &hellip; <a href=\"https:\/\/ltp.knihovna.cz\/?page_id=49\" class=\"more-link\">Pokra\u010dov\u00e1n\u00ed textu <span class=\"screen-reader-text\">U\u017eite\u010dn\u00e9 odkazy<\/span> <span class=\"meta-nav\">&rarr;<\/span><\/a><\/p>\n","protected":false},"author":2,"featured_media":0,"parent":0,"menu_order":0,"comment_status":"closed","ping_status":"closed","template":"","meta":[],"_links":{"self":[{"href":"https:\/\/ltp.knihovna.cz\/index.php?rest_route=\/wp\/v2\/pages\/49"}],"collection":[{"href":"https:\/\/ltp.knihovna.cz\/index.php?rest_route=\/wp\/v2\/pages"}],"about":[{"href":"https:\/\/ltp.knihovna.cz\/index.php?rest_route=\/wp\/v2\/types\/page"}],"author":[{"embeddable":true,"href":"https:\/\/ltp.knihovna.cz\/index.php?rest_route=\/wp\/v2\/users\/2"}],"replies":[{"embeddable":true,"href":"https:\/\/ltp.knihovna.cz\/index.php?rest_route=%2Fwp%2Fv2%2Fcomments&post=49"}],"version-history":[{"count":0,"href":"https:\/\/ltp.knihovna.cz\/index.php?rest_route=\/wp\/v2\/pages\/49\/revisions"}],"wp:attachment":[{"href":"https:\/\/ltp.knihovna.cz\/index.php?rest_route=%2Fwp%2Fv2%2Fmedia&parent=49"}],"curies":[{"name":"wp","href":"https:\/\/api.w.org\/{rel}","templated":true}]}}